{"id":7300,"date":"2026-03-29T23:58:33","date_gmt":"2026-03-29T22:58:33","guid":{"rendered":"https:\/\/healthcare.dibago.com\/?page_id=7300"},"modified":"2026-03-30T14:29:34","modified_gmt":"2026-03-30T13:29:34","slug":"pflegepersonal-finden","status":"publish","type":"page","link":"https:\/\/healthcare.dibago.com\/en\/pflegepersonal-finden\/","title":{"rendered":"Find healthcare professionals"},"content":{"rendered":"<p>Sch\u00f6n, dass Sie den Weg zu uns gefunden haben. Erz\u00e4hlen Sie uns von Ihrer Einrichtung und was Sie suchen \u2013 wir melden uns pers\u00f6nlich bei Ihnen.<br \/>\nSie haben bereits den einen oder anderen interessanten Kandidaten in der aktuellen Liste ersp\u00e4ht? Nennen Sie uns den Namen und wir werden f\u00fcr Sie die entsprechenden genaueren Informationen vorbereiten.<br \/>\n\n<div class=\"wpcf7 no-js\" id=\"wpcf7-f7313-o1\" lang=\"de-DE\" dir=\"ltr\" data-wpcf7-id=\"7313\">\n<div class=\"screen-reader-response\"><p role=\"status\" aria-live=\"polite\" aria-atomic=\"true\"><\/p> <ul><\/ul><\/div>\n<form action=\"\/en\/wp-json\/wp\/v2\/pages\/7300#wpcf7-f7313-o1\" method=\"post\" class=\"wpcf7-form init\" aria-label=\"Kontaktformular\" novalidate=\"novalidate\" data-status=\"init\" data-trp-original-action=\"\/en\/wp-json\/wp\/v2\/pages\/7300#wpcf7-f7313-o1\">\n<fieldset class=\"hidden-fields-container\"><input type=\"hidden\" name=\"_wpcf7\" value=\"7313\" \/><input type=\"hidden\" name=\"_wpcf7_version\" value=\"6.1.5\" \/><input type=\"hidden\" name=\"_wpcf7_locale\" value=\"de_DE\" \/><input type=\"hidden\" name=\"_wpcf7_unit_tag\" value=\"wpcf7-f7313-o1\" \/><input type=\"hidden\" name=\"_wpcf7_container_post\" value=\"0\" \/><input type=\"hidden\" name=\"_wpcf7_posted_data_hash\" value=\"\" \/>\n<\/fieldset>\n<p><label>Name der Einrichtung *<br \/>\n<span class=\"wpcf7-form-control-wrap\" data-name=\"einrichtung\"><input size=\"40\" maxlength=\"400\" class=\"wpcf7-form-control wpcf7-text wpcf7-validates-as-required\" aria-required=\"true\" aria-invalid=\"false\" placeholder=\"z.B. Pflegeheim Sonnenschein\" value=\"\" type=\"text\" name=\"einrichtung\" \/><\/span><\/label>\n<\/p>\n<p><label>Ansprechperson *<br \/>\n<span class=\"wpcf7-form-control-wrap\" data-name=\"ansprechperson\"><input size=\"40\" maxlength=\"400\" class=\"wpcf7-form-control wpcf7-text wpcf7-validates-as-required\" aria-required=\"true\" aria-invalid=\"false\" placeholder=\"Vorname Nachname\" value=\"\" type=\"text\" name=\"ansprechperson\" \/><\/span><\/label>\n<\/p>\n<p><label>Email *<br \/>\n<span class=\"wpcf7-form-control-wrap\" data-name=\"email\"><input size=\"40\" maxlength=\"400\" class=\"wpcf7-form-control wpcf7-email wpcf7-validates-as-required wpcf7-text wpcf7-validates-as-email\" aria-required=\"true\" aria-invalid=\"false\" placeholder=\"your@email.at\" value=\"\" type=\"email\" name=\"email\" \/><\/span><\/label>\n<\/p>\n<p><label>Telephone<br \/>\n<span class=\"wpcf7-form-control-wrap\" data-name=\"telefon\"><input size=\"40\" maxlength=\"400\" class=\"wpcf7-form-control wpcf7-tel wpcf7-text wpcf7-validates-as-tel\" aria-invalid=\"false\" placeholder=\"+43 ...\" value=\"\" type=\"tel\" name=\"telefon\" \/><\/span><\/label>\n<\/p>\n<p><label>Art der Einrichtung *<br \/>\n<span class=\"wpcf7-form-control-wrap\" data-name=\"art_einrichtung\"><select class=\"wpcf7-form-control wpcf7-select wpcf7-validates-as-required\" aria-required=\"true\" aria-invalid=\"false\" name=\"art_einrichtung\"><option value=\"Krankenhaus\">Krankenhaus<\/option><option value=\"Pflegeheim\">Pflegeheim<\/option><option value=\"Ambulanter Dienst\">Ambulanter Dienst<\/option><option value=\"Reha-Einrichtung\">Reha-Einrichtung<\/option><option value=\"Sonstiges\">Other<\/option><\/select><\/span><\/label>\n<\/p>\n<p><label>Anzahl gesuchter Pflegekr\u00e4fte *<br \/>\n<span class=\"wpcf7-form-control-wrap\" data-name=\"anzahl\"><select class=\"wpcf7-form-control wpcf7-select wpcf7-validates-as-required\" aria-required=\"true\" aria-invalid=\"false\" name=\"anzahl\"><option value=\"1\">1<\/option><option value=\"2\u20133\">2\u20133<\/option><option value=\"4\u20135\">4\u20135<\/option><option value=\"mehr als 5\">mehr als 5<\/option><\/select><\/span><\/label>\n<\/p>\n<p><label>Gew\u00fcnschter Eintrittstermin<br \/>\n<span class=\"wpcf7-form-control-wrap\" data-name=\"eintrittstermin\"><input class=\"wpcf7-form-control wpcf7-date wpcf7-validates-as-date\" aria-invalid=\"false\" value=\"\" type=\"date\" name=\"eintrittstermin\" \/><\/span><\/label>\n<\/p>\n<p><label>Besondere Anforderungen, W\u00fcnsche oder Kandidaten-Bezeichnungen<br \/>\n<span class=\"wpcf7-form-control-wrap\" data-name=\"anforderungen\"><textarea cols=\"40\" rows=\"10\" maxlength=\"2000\" class=\"wpcf7-form-control wpcf7-textarea\" aria-invalid=\"false\" placeholder=\"z.B. Intensivpflege, Demenzbetreuung, Nachtdienst ...\" name=\"anforderungen\"><\/textarea><\/span><\/label>\n<\/p>\n<p><label>Wie haben Sie von uns erfahren?<br \/>\n<span class=\"wpcf7-form-control-wrap\" data-name=\"quelle\"><select class=\"wpcf7-form-control wpcf7-select\" aria-invalid=\"false\" name=\"quelle\"><option value=\"Internetsuche\">Internetsuche<\/option><option value=\"Empfehlung\">Empfehlung<\/option><option value=\"Messe \/ Veranstaltung\">Messe \/ Veranstaltung<\/option><option value=\"Social Media\">Social Media<\/option><option value=\"Sonstiges\">Other<\/option><\/select><\/span><\/label>\n<\/p>\n<p><input class=\"wpcf7-form-control wpcf7-submit has-spinner\" type=\"submit\" value=\"Anfrage absenden\" \/>\n<\/p><div class=\"wpcf7-response-output\" aria-hidden=\"true\"><\/div>\n<input type=\"hidden\" name=\"trp-form-language\" value=\"en\"\/><\/form>\n<\/div>\n<\/p>","protected":false},"excerpt":{"rendered":"<p>Sch\u00f6n, dass Sie den Weg zu uns gefunden haben. Erz\u00e4hlen Sie uns von Ihrer Einrichtung und was Sie suchen \u2013 wir melden uns pers\u00f6nlich bei Ihnen. Sie haben bereits den einen oder anderen interessanten Kandidaten in der aktuellen Liste ersp\u00e4ht? Nennen Sie uns den Namen und wir werden f\u00fcr Sie die entsprechenden genaueren Informationen vorbereiten.<\/p>","protected":false},"author":2,"featured_media":0,"parent":0,"menu_order":0,"comment_status":"closed","ping_status":"closed","template":"","meta":{"footnotes":""},"class_list":["post-7300","page","type-page","status-publish"],"_links":{"self":[{"href":"https:\/\/healthcare.dibago.com\/en\/wp-json\/wp\/v2\/pages\/7300","targetHints":{"allow":["GET"]}}],"collection":[{"href":"https:\/\/healthcare.dibago.com\/en\/wp-json\/wp\/v2\/pages"}],"about":[{"href":"https:\/\/healthcare.dibago.com\/en\/wp-json\/wp\/v2\/types\/page"}],"author":[{"embeddable":true,"href":"https:\/\/healthcare.dibago.com\/en\/wp-json\/wp\/v2\/users\/2"}],"replies":[{"embeddable":true,"href":"https:\/\/healthcare.dibago.com\/en\/wp-json\/wp\/v2\/comments?post=7300"}],"version-history":[{"count":7,"href":"https:\/\/healthcare.dibago.com\/en\/wp-json\/wp\/v2\/pages\/7300\/revisions"}],"predecessor-version":[{"id":7323,"href":"https:\/\/healthcare.dibago.com\/en\/wp-json\/wp\/v2\/pages\/7300\/revisions\/7323"}],"wp:attachment":[{"href":"https:\/\/healthcare.dibago.com\/en\/wp-json\/wp\/v2\/media?parent=7300"}],"curies":[{"name":"wp","href":"https:\/\/api.w.org\/{rel}","templated":true}]}}