{"id":7103,"date":"2026-03-11T23:01:26","date_gmt":"2026-03-11T22:01:26","guid":{"rendered":"https:\/\/healthcare.dibago.com\/?page_id=7103"},"modified":"2026-03-29T01:11:32","modified_gmt":"2026-03-29T00:11:32","slug":"visum-einreise","status":"publish","type":"page","link":"https:\/\/healthcare.dibago.com\/en\/informationen\/visum-einreise\/","title":{"rendered":"Visas &amp; Entry"},"content":{"rendered":"<p class=\"font-claude-response-body break-words whitespace-normal leading-[1.7]\">Das Visum ist oft das, was am meisten Respekt einfl\u00f6\u00dft. Zu Recht \u2013 es ist b\u00fcrokratisch und braucht Geduld. Aber es ist machbar, und wir kennen den Weg.<\/p>\r\n<p class=\"font-claude-response-body break-words whitespace-normal leading-[1.7]\">F\u00fcr Pflegefachkr\u00e4fte aus den Philippinen kommt in der Regel die <strong>Rot-Wei\u00df-Rot-Karte<\/strong> in Frage \u2013 eine Kombination aus Aufenthalts- und Arbeitsgenehmigung.\u00a0Wir koordinieren die Visumantragsstellung in enger Zusammenarbeit mit \u00f6sterreichischen Beh\u00f6rden und der \u00f6sterreichischen Botschaft auf den Philippinen.<\/p>\r\n<p>&nbsp;<\/p>\r\n<p class=\"font-claude-response-body break-words whitespace-normal leading-[1.7]\">\u00a0<\/p>\r\n","protected":false},"excerpt":{"rendered":"<p>Das Visum ist oft das, was am meisten Respekt einfl\u00f6\u00dft. Zu Recht \u2013 es ist b\u00fcrokratisch und braucht Geduld. Aber es ist machbar, und wir kennen den Weg. F\u00fcr Pflegefachkr\u00e4fte aus den Philippinen kommt in der Regel die Rot-Wei\u00df-Rot-Karte in Frage \u2013 eine Kombination aus Aufenthalts- und Arbeitsgenehmigung.\u00a0Wir koordinieren die Visumantragsstellung in enger Zusammenarbeit mit &#8230; <a title=\"Visum &amp; Einreise\" class=\"read-more\" href=\"https:\/\/healthcare.dibago.com\/en\/informationen\/visum-einreise\/\" aria-label=\"Read more about Visum &amp; Einreise\">Read More<\/a><\/p>","protected":false},"author":2,"featured_media":0,"parent":92,"menu_order":0,"comment_status":"closed","ping_status":"closed","template":"","meta":{"footnotes":""},"class_list":["post-7103","page","type-page","status-publish"],"_links":{"self":[{"href":"https:\/\/healthcare.dibago.com\/en\/wp-json\/wp\/v2\/pages\/7103","targetHints":{"allow":["GET"]}}],"collection":[{"href":"https:\/\/healthcare.dibago.com\/en\/wp-json\/wp\/v2\/pages"}],"about":[{"href":"https:\/\/healthcare.dibago.com\/en\/wp-json\/wp\/v2\/types\/page"}],"author":[{"embeddable":true,"href":"https:\/\/healthcare.dibago.com\/en\/wp-json\/wp\/v2\/users\/2"}],"replies":[{"embeddable":true,"href":"https:\/\/healthcare.dibago.com\/en\/wp-json\/wp\/v2\/comments?post=7103"}],"version-history":[{"count":4,"href":"https:\/\/healthcare.dibago.com\/en\/wp-json\/wp\/v2\/pages\/7103\/revisions"}],"predecessor-version":[{"id":7245,"href":"https:\/\/healthcare.dibago.com\/en\/wp-json\/wp\/v2\/pages\/7103\/revisions\/7245"}],"up":[{"embeddable":true,"href":"https:\/\/healthcare.dibago.com\/en\/wp-json\/wp\/v2\/pages\/92"}],"wp:attachment":[{"href":"https:\/\/healthcare.dibago.com\/en\/wp-json\/wp\/v2\/media?parent=7103"}],"curies":[{"name":"wp","href":"https:\/\/api.w.org\/{rel}","templated":true}]}}