{"id":7100,"date":"2026-03-11T22:59:43","date_gmt":"2026-03-11T21:59:43","guid":{"rendered":"https:\/\/healthcare.dibago.com\/?page_id=7100"},"modified":"2026-03-29T01:16:05","modified_gmt":"2026-03-29T00:16:05","slug":"anerkennung-von-pflegeausbildungen","status":"publish","type":"page","link":"https:\/\/healthcare.dibago.com\/en\/informationen\/anerkennung-von-pflegeausbildungen\/","title":{"rendered":"Recognition of nursing qualifications"},"content":{"rendered":"<p class=\"font-claude-response-body break-words whitespace-normal leading-[1.7]\">Die Anerkennung klingt komplizierter als sie ist \u2013 wenn man wei\u00df wie es geht. Wir haben den Prozess schon viele Male durchlaufen und begleiten Sie von der ersten Zusammenstellung der Unterlagen bis zum positiven Bescheid.<\/p>\r\n<p class=\"font-claude-response-body break-words whitespace-normal leading-[1.7]\">Die Anerkennung einer ausl\u00e4ndischen Pflegeausbildung in \u00d6sterreich erfolgt \u00fcber das Bundesministerium f\u00fcr Soziales, Gesundheit, Pflege und Konsumentenschutz. Der Prozess dauert typischerweise 3\u20136 Monate.<\/p>\r\n<p class=\"font-claude-response-body break-words whitespace-normal leading-[1.7]\"><strong>Was Sie daf\u00fcr brauchen<\/strong>: Ihr Diplom mit beglaubigter \u00dcbersetzung, Transcript of Records, Berufsnachweise, Reisepass. Den Rest erkl\u00e4ren wir Ihnen Schritt f\u00fcr Schritt.<\/p>\r\n","protected":false},"excerpt":{"rendered":"<p>Die Anerkennung klingt komplizierter als sie ist \u2013 wenn man wei\u00df wie es geht. Wir haben den Prozess schon viele Male durchlaufen und begleiten Sie von der ersten Zusammenstellung der Unterlagen bis zum positiven Bescheid. Die Anerkennung einer ausl\u00e4ndischen Pflegeausbildung in \u00d6sterreich erfolgt \u00fcber das Bundesministerium f\u00fcr Soziales, Gesundheit, Pflege und Konsumentenschutz. Der Prozess dauert &#8230; <a title=\"Recognition of nursing qualifications\" class=\"read-more\" href=\"https:\/\/healthcare.dibago.com\/en\/informationen\/anerkennung-von-pflegeausbildungen\/\" aria-label=\"Read more about Anerkennung von Pflegeausbildungen\">Read More<\/a><\/p>","protected":false},"author":2,"featured_media":0,"parent":92,"menu_order":0,"comment_status":"closed","ping_status":"closed","template":"","meta":{"footnotes":""},"class_list":["post-7100","page","type-page","status-publish"],"_links":{"self":[{"href":"https:\/\/healthcare.dibago.com\/en\/wp-json\/wp\/v2\/pages\/7100","targetHints":{"allow":["GET"]}}],"collection":[{"href":"https:\/\/healthcare.dibago.com\/en\/wp-json\/wp\/v2\/pages"}],"about":[{"href":"https:\/\/healthcare.dibago.com\/en\/wp-json\/wp\/v2\/types\/page"}],"author":[{"embeddable":true,"href":"https:\/\/healthcare.dibago.com\/en\/wp-json\/wp\/v2\/users\/2"}],"replies":[{"embeddable":true,"href":"https:\/\/healthcare.dibago.com\/en\/wp-json\/wp\/v2\/comments?post=7100"}],"version-history":[{"count":4,"href":"https:\/\/healthcare.dibago.com\/en\/wp-json\/wp\/v2\/pages\/7100\/revisions"}],"predecessor-version":[{"id":7247,"href":"https:\/\/healthcare.dibago.com\/en\/wp-json\/wp\/v2\/pages\/7100\/revisions\/7247"}],"up":[{"embeddable":true,"href":"https:\/\/healthcare.dibago.com\/en\/wp-json\/wp\/v2\/pages\/92"}],"wp:attachment":[{"href":"https:\/\/healthcare.dibago.com\/en\/wp-json\/wp\/v2\/media?parent=7100"}],"curies":[{"name":"wp","href":"https:\/\/api.w.org\/{rel}","templated":true}]}}