{"id":7088,"date":"2026-03-11T22:50:56","date_gmt":"2026-03-11T21:50:56","guid":{"rendered":"https:\/\/healthcare.dibago.com\/?page_id=7088"},"modified":"2026-03-29T01:07:58","modified_gmt":"2026-03-29T00:07:58","slug":"unsere-vision","status":"publish","type":"page","link":"https:\/\/healthcare.dibago.com\/en\/uber-uns\/unsere-vision\/","title":{"rendered":"Our Vision"},"content":{"rendered":"<p class=\"font-claude-response-body break-words whitespace-normal leading-[1.7]\">Wir glauben, dass eine gute Zusammenarbeit entsteht, wenn beide Seiten wissen, mit wem sie es zu tun haben.<\/p>\r\n<p class=\"font-claude-response-body break-words whitespace-normal leading-[1.7]\">Deshalb fahren wir auf die Philippinen. (Zugegeben, auch weil wir unsere Familien vor Ort besuchen wollen und das Land und die Leute genie\u00dfen). Wir besuchen unsere Kontakte, wir sprechen mit den Absolventinnen, wir kennen viele der Ausbilder. Und deshalb k\u00f6nnen wir \u00f6sterreichischen Einrichtungen sagen: Diese Person kennen wir. F\u00fcr die stehen wir ein.<\/p>\r\n<!-- \/wp:post-content -->","protected":false},"excerpt":{"rendered":"<p>Wir glauben, dass eine gute Zusammenarbeit entsteht, wenn beide Seiten wissen, mit wem sie es zu tun haben. Deshalb fahren wir auf die Philippinen. (Zugegeben, auch weil wir unsere Familien vor Ort besuchen wollen und das Land und die Leute genie\u00dfen). Wir besuchen unsere Kontakte, wir sprechen mit den Absolventinnen, wir kennen viele der Ausbilder. &#8230; <a title=\"Our Vision\" class=\"read-more\" href=\"https:\/\/healthcare.dibago.com\/en\/uber-uns\/unsere-vision\/\" aria-label=\"Read more about Unsere Vision\">Read More<\/a><\/p>","protected":false},"author":2,"featured_media":0,"parent":37,"menu_order":0,"comment_status":"closed","ping_status":"closed","template":"","meta":{"footnotes":""},"class_list":["post-7088","page","type-page","status-publish"],"_links":{"self":[{"href":"https:\/\/healthcare.dibago.com\/en\/wp-json\/wp\/v2\/pages\/7088","targetHints":{"allow":["GET"]}}],"collection":[{"href":"https:\/\/healthcare.dibago.com\/en\/wp-json\/wp\/v2\/pages"}],"about":[{"href":"https:\/\/healthcare.dibago.com\/en\/wp-json\/wp\/v2\/types\/page"}],"author":[{"embeddable":true,"href":"https:\/\/healthcare.dibago.com\/en\/wp-json\/wp\/v2\/users\/2"}],"replies":[{"embeddable":true,"href":"https:\/\/healthcare.dibago.com\/en\/wp-json\/wp\/v2\/comments?post=7088"}],"version-history":[{"count":6,"href":"https:\/\/healthcare.dibago.com\/en\/wp-json\/wp\/v2\/pages\/7088\/revisions"}],"predecessor-version":[{"id":7243,"href":"https:\/\/healthcare.dibago.com\/en\/wp-json\/wp\/v2\/pages\/7088\/revisions\/7243"}],"up":[{"embeddable":true,"href":"https:\/\/healthcare.dibago.com\/en\/wp-json\/wp\/v2\/pages\/37"}],"wp:attachment":[{"href":"https:\/\/healthcare.dibago.com\/en\/wp-json\/wp\/v2\/media?parent=7088"}],"curies":[{"name":"wp","href":"https:\/\/api.w.org\/{rel}","templated":true}]}}