{"id":7064,"date":"2026-03-11T21:51:28","date_gmt":"2026-03-11T20:51:28","guid":{"rendered":"https:\/\/healthcare.dibago.com\/?page_id=7064"},"modified":"2026-03-29T14:57:55","modified_gmt":"2026-03-29T13:57:55","slug":"der-bewerbungsprozess","status":"publish","type":"page","link":"https:\/\/healthcare.dibago.com\/en\/fur-pflegekrafte\/der-bewerbungsprozess\/","title":{"rendered":"The application process"},"content":{"rendered":"<p class=\"font-claude-response-body break-words whitespace-normal leading-[1.7]\">Wir halten es einfach und pers\u00f6nlich. Kein ellenlanger Fragebogen, kein automatisiertes Portal. Schreiben Sie uns \u2013 per E-Mail, per Nachricht, wie es f\u00fcr Sie am einfachsten ist. Wir antworten innerhalb von 48 Stunden. Dann sprechen wir miteinander, lernen uns kennen und schauen gemeinsam ob und wie wir Ihnen helfen k\u00f6nnen. Wenn alles passt, stellen wir Sie bei \u00f6sterreichischen Einrichtungen vor \u2013 und begleiten Sie von da an durch jeden Schritt:<\/p>\r\n<p class=\"font-claude-response-body break-words whitespace-normal leading-[1.7]\"><strong>Schritt 1 \u2013 Kontaktaufnahme<br \/><\/strong>Schreiben Sie uns oder f\u00fcllen Sie das Bewerbungsformular aus. Wir melden uns innerhalb von 48 Stunden.<\/p>\r\n<p class=\"font-claude-response-body break-words whitespace-normal leading-[1.7]\"><strong>Schritt 2 \u2013 Erstgespr\u00e4ch<br \/><\/strong>Wir f\u00fchren ein pers\u00f6nliches Gespr\u00e4ch (online) um Ihre Qualifikationen, Erfahrungen und W\u00fcnsche kennenzulernen und finden auch passende Sprachschulen vor Ort um entsprechende Sprachqualifikationen zu erreichen.<\/p>\r\n<p class=\"font-claude-response-body break-words whitespace-normal leading-[1.7]\"><strong>Schritt 3 \u2013 Profilerstellung<\/strong> <br \/>Wir erstellen gemeinsam Ihr Profil f\u00fcr \u00f6sterreichische Arbeitgeber.<\/p>\r\n<p class=\"font-claude-response-body break-words whitespace-normal leading-[1.7]\"><strong>Schritt 4 \u2013 Vorstellung bei Arbeitgebern<\/strong> <br \/>Wir stellen Sie bei passenden Einrichtungen vor und begleiten den Interviewprozess.<\/p>\r\n<p class=\"font-claude-response-body break-words whitespace-normal leading-[1.7]\"><strong>Schritt 5 \u2013 Anerkennung &amp; Einreise<\/strong> <br \/>Nach Zusage begleiten wir Sie durch den gesamten Anerkennungs- und Visumprozess.<\/p>\r\n","protected":false},"excerpt":{"rendered":"<p>Wir halten es einfach und pers\u00f6nlich. Kein ellenlanger Fragebogen, kein automatisiertes Portal. Schreiben Sie uns \u2013 per E-Mail, per Nachricht, wie es f\u00fcr Sie am einfachsten ist. Wir antworten innerhalb von 48 Stunden. Dann sprechen wir miteinander, lernen uns kennen und schauen gemeinsam ob und wie wir Ihnen helfen k\u00f6nnen. Wenn alles passt, stellen wir &#8230; <a title=\"The application process\" class=\"read-more\" href=\"https:\/\/healthcare.dibago.com\/en\/fur-pflegekrafte\/der-bewerbungsprozess\/\" aria-label=\"Read more about Der Bewerbungsprozess\">Read More<\/a><\/p>","protected":false},"author":2,"featured_media":0,"parent":45,"menu_order":0,"comment_status":"closed","ping_status":"closed","template":"","meta":{"footnotes":""},"class_list":["post-7064","page","type-page","status-publish"],"_links":{"self":[{"href":"https:\/\/healthcare.dibago.com\/en\/wp-json\/wp\/v2\/pages\/7064","targetHints":{"allow":["GET"]}}],"collection":[{"href":"https:\/\/healthcare.dibago.com\/en\/wp-json\/wp\/v2\/pages"}],"about":[{"href":"https:\/\/healthcare.dibago.com\/en\/wp-json\/wp\/v2\/types\/page"}],"author":[{"embeddable":true,"href":"https:\/\/healthcare.dibago.com\/en\/wp-json\/wp\/v2\/users\/2"}],"replies":[{"embeddable":true,"href":"https:\/\/healthcare.dibago.com\/en\/wp-json\/wp\/v2\/comments?post=7064"}],"version-history":[{"count":5,"href":"https:\/\/healthcare.dibago.com\/en\/wp-json\/wp\/v2\/pages\/7064\/revisions"}],"predecessor-version":[{"id":7268,"href":"https:\/\/healthcare.dibago.com\/en\/wp-json\/wp\/v2\/pages\/7064\/revisions\/7268"}],"up":[{"embeddable":true,"href":"https:\/\/healthcare.dibago.com\/en\/wp-json\/wp\/v2\/pages\/45"}],"wp:attachment":[{"href":"https:\/\/healthcare.dibago.com\/en\/wp-json\/wp\/v2\/media?parent=7064"}],"curies":[{"name":"wp","href":"https:\/\/api.w.org\/{rel}","templated":true}]}}