{"id":7061,"date":"2026-03-11T21:51:06","date_gmt":"2026-03-11T20:51:06","guid":{"rendered":"https:\/\/healthcare.dibago.com\/?page_id=7061"},"modified":"2026-03-29T15:08:32","modified_gmt":"2026-03-29T14:08:32","slug":"voraussetzungen","status":"publish","type":"page","link":"https:\/\/healthcare.dibago.com\/en\/fur-pflegekrafte\/voraussetzungen\/","title":{"rendered":"Requirements"},"content":{"rendered":"<p class=\"font-claude-response-body break-words whitespace-normal leading-[1.7]\">Wir wollen transparent mit Ihnen sein \u2013 damit Sie wissen, worauf Sie sich einlassen:<\/p>\r\n<p class=\"font-claude-response-body break-words whitespace-normal leading-[1.7]\">Sie brauchen einen abgeschlossenen Pflegestudienabschluss (z.B. Bachelor of Science in Nursing) und die Bereitschaft, Deutsch zu lernen. Niveau B2 ist das Ziel \u2013 das klingt viel, aber viele unserer Kandidatinnen haben das in 12\u201318 Monaten erreicht.<\/p>\r\n<p class=\"font-claude-response-body break-words whitespace-normal leading-[1.7]\">Den Rest \u2013 Anerkennung, Visum, Beh\u00f6rdeng\u00e4nge \u2013 erledigen wir gemeinsam mit Ihnen. Sie m\u00fcssen das nicht alleine durchk\u00e4mpfen:<\/p>\r\n<p class=\"font-claude-response-body break-words whitespace-normal leading-[1.7]\"><strong>Ausbildung:<\/strong> Abgeschlossenes Studium der Krankenpflege (z.B. Bachelor of Science in Nursing)<\/p>\r\n<p class=\"font-claude-response-body break-words whitespace-normal leading-[1.7]\"><strong>Berufsanerkennung:<\/strong> Die Ausbildung muss vom Gesundheitsministerium anerkannt werden \u2013 Wir begleiten diesen Prozess vollst\u00e4ndig<\/p>\r\n<p class=\"font-claude-response-body break-words whitespace-normal leading-[1.7]\"><strong>Deutschkenntnisse:<\/strong> F\u00fcr die offizielle Berufsanerkennung in \u00d6sterreich ist Deutschkenntnisse auf Niveau B2 erforderlich. Wir beginnen schon fr\u00fch mit der Sprachvorbereitung \u2013 viele unserer Kandidatinnen haben dieses Ziel in 12 bis 18 Monaten erreicht.<\/p>\r\n<p class=\"font-claude-response-body break-words whitespace-normal leading-[1.7]\"><strong>Visum:<\/strong> Rot-Wei\u00df-Rot-Karte f\u00fcr qualifizierte Fachkr\u00e4fte oder Besch\u00e4ftigungsbewilligung<\/p>\r\n","protected":false},"excerpt":{"rendered":"<p>Wir wollen transparent mit Ihnen sein \u2013 damit Sie wissen, worauf Sie sich einlassen: Sie brauchen einen abgeschlossenen Pflegestudienabschluss (z.B. Bachelor of Science in Nursing) und die Bereitschaft, Deutsch zu lernen. Niveau B2 ist das Ziel \u2013 das klingt viel, aber viele unserer Kandidatinnen haben das in 12\u201318 Monaten erreicht. Den Rest \u2013 Anerkennung, Visum, &#8230; <a title=\"Requirements\" class=\"read-more\" href=\"https:\/\/healthcare.dibago.com\/en\/fur-pflegekrafte\/voraussetzungen\/\" aria-label=\"Read more about Voraussetzungen\">Read More<\/a><\/p>","protected":false},"author":2,"featured_media":0,"parent":45,"menu_order":0,"comment_status":"closed","ping_status":"closed","template":"","meta":{"footnotes":""},"class_list":["post-7061","page","type-page","status-publish"],"_links":{"self":[{"href":"https:\/\/healthcare.dibago.com\/en\/wp-json\/wp\/v2\/pages\/7061","targetHints":{"allow":["GET"]}}],"collection":[{"href":"https:\/\/healthcare.dibago.com\/en\/wp-json\/wp\/v2\/pages"}],"about":[{"href":"https:\/\/healthcare.dibago.com\/en\/wp-json\/wp\/v2\/types\/page"}],"author":[{"embeddable":true,"href":"https:\/\/healthcare.dibago.com\/en\/wp-json\/wp\/v2\/users\/2"}],"replies":[{"embeddable":true,"href":"https:\/\/healthcare.dibago.com\/en\/wp-json\/wp\/v2\/comments?post=7061"}],"version-history":[{"count":6,"href":"https:\/\/healthcare.dibago.com\/en\/wp-json\/wp\/v2\/pages\/7061\/revisions"}],"predecessor-version":[{"id":7274,"href":"https:\/\/healthcare.dibago.com\/en\/wp-json\/wp\/v2\/pages\/7061\/revisions\/7274"}],"up":[{"embeddable":true,"href":"https:\/\/healthcare.dibago.com\/en\/wp-json\/wp\/v2\/pages\/45"}],"wp:attachment":[{"href":"https:\/\/healthcare.dibago.com\/en\/wp-json\/wp\/v2\/media?parent=7061"}],"curies":[{"name":"wp","href":"https:\/\/api.w.org\/{rel}","templated":true}]}}