{"id":7058,"date":"2026-03-11T21:50:43","date_gmt":"2026-03-11T20:50:43","guid":{"rendered":"https:\/\/healthcare.dibago.com\/?page_id=7058"},"modified":"2026-03-30T00:07:49","modified_gmt":"2026-03-29T23:07:49","slug":"arbeiten-in-osterreich","status":"publish","type":"page","link":"https:\/\/healthcare.dibago.com\/en\/fur-pflegekrafte\/arbeiten-in-osterreich\/","title":{"rendered":"Working in Austria"},"content":{"rendered":"<p class=\"font-claude-response-body break-words whitespace-normal leading-[1.7]\">\u00d6sterreich ist kein einfaches Land zum Einwandern \u2013 das w\u00e4re gelogen. Die Sprache ist neu, die B\u00fcrokratie kann m\u00fchsam sein, und der erste Winter ist f\u00fcr viele eine \u00dcberraschung. Aber: Wer einmal angekommen ist, bleibt gerne.<\/p>\r\n<p class=\"font-claude-response-body break-words whitespace-normal leading-[1.7]\">Die Arbeitsbedingungen sind fair und gesetzlich geregelt. Das Gehalt liegt deutlich \u00fcber dem, was in vielen anderen L\u00e4ndern m\u00f6glich w\u00e4re, das Sozialsystem bietet umfassenden Schutz. Und vor allem: Sie werden gebraucht und gesch\u00e4tzt. \u00d6sterreich hat zu wenig Pflegepersonal \u2013 das bedeutet f\u00fcr Sie echte Jobsicherheit und gute Aufstiegschancen.<\/p>\r\n<p class=\"font-claude-response-body break-words whitespace-normal leading-[1.7]\"><strong>Bruttogehalt<\/strong> ab ca. \u20ac 2.200 pro Monat (je nach Qualifikation, Einrichtung und Bundesland), 5 Wochen Urlaub, volle <strong>Sozialversicherung<\/strong>: Kranken-, Unfall- und Pensionsversicherung, inklusive <strong>Weiterbildung:<\/strong> Viele Einrichtungen f\u00f6rdern aktiv die berufliche Weiterentwicklung<\/p>\r\n<p class=\"font-claude-response-body break-words whitespace-normal leading-[1.7]\">&#8230; und ein Team, das Sie auf dem Weg begleitet.<\/p>\r\n","protected":false},"excerpt":{"rendered":"<p>\u00d6sterreich ist kein einfaches Land zum Einwandern \u2013 das w\u00e4re gelogen. Die Sprache ist neu, die B\u00fcrokratie kann m\u00fchsam sein, und der erste Winter ist f\u00fcr viele eine \u00dcberraschung. Aber: Wer einmal angekommen ist, bleibt gerne. Die Arbeitsbedingungen sind fair und gesetzlich geregelt. Das Gehalt liegt deutlich \u00fcber dem, was in vielen anderen L\u00e4ndern m\u00f6glich &#8230; <a title=\"Working in Austria\" class=\"read-more\" href=\"https:\/\/healthcare.dibago.com\/en\/fur-pflegekrafte\/arbeiten-in-osterreich\/\" aria-label=\"Read more about Arbeiten in \u00d6sterreich\">Read More<\/a><\/p>","protected":false},"author":2,"featured_media":0,"parent":45,"menu_order":0,"comment_status":"closed","ping_status":"closed","template":"","meta":{"footnotes":""},"class_list":["post-7058","page","type-page","status-publish"],"_links":{"self":[{"href":"https:\/\/healthcare.dibago.com\/en\/wp-json\/wp\/v2\/pages\/7058","targetHints":{"allow":["GET"]}}],"collection":[{"href":"https:\/\/healthcare.dibago.com\/en\/wp-json\/wp\/v2\/pages"}],"about":[{"href":"https:\/\/healthcare.dibago.com\/en\/wp-json\/wp\/v2\/types\/page"}],"author":[{"embeddable":true,"href":"https:\/\/healthcare.dibago.com\/en\/wp-json\/wp\/v2\/users\/2"}],"replies":[{"embeddable":true,"href":"https:\/\/healthcare.dibago.com\/en\/wp-json\/wp\/v2\/comments?post=7058"}],"version-history":[{"count":6,"href":"https:\/\/healthcare.dibago.com\/en\/wp-json\/wp\/v2\/pages\/7058\/revisions"}],"predecessor-version":[{"id":7306,"href":"https:\/\/healthcare.dibago.com\/en\/wp-json\/wp\/v2\/pages\/7058\/revisions\/7306"}],"up":[{"embeddable":true,"href":"https:\/\/healthcare.dibago.com\/en\/wp-json\/wp\/v2\/pages\/45"}],"wp:attachment":[{"href":"https:\/\/healthcare.dibago.com\/en\/wp-json\/wp\/v2\/media?parent=7058"}],"curies":[{"name":"wp","href":"https:\/\/api.w.org\/{rel}","templated":true}]}}