{"id":7055,"date":"2026-03-11T21:49:45","date_gmt":"2026-03-11T20:49:45","guid":{"rendered":"https:\/\/healthcare.dibago.com\/?page_id=7055"},"modified":"2026-03-29T01:30:01","modified_gmt":"2026-03-29T00:30:01","slug":"integration-unterstutzung","status":"publish","type":"page","link":"https:\/\/healthcare.dibago.com\/en\/fur-arbeitgeber\/integration-unterstutzung\/","title":{"rendered":"Integration &amp; Support"},"content":{"rendered":"<p class=\"font-claude-response-body break-words whitespace-normal leading-[1.7]\">Die erste Zeit in \u00d6sterreich ist entscheidend. Unsere lokalen philippinischen Mitarbeiter begleiten die neuen Pflegekr\u00e4fte aktiv bei der Eingew\u00f6hnung \u2013 damit sie schnell ankommen und langfristig in Ihrer Einrichtung bleiben.<\/p>\r\n<p class=\"font-claude-response-body break-words whitespace-normal leading-[1.7]\">Wir helfen bei: Wohnungssuche, Anmeldung beim Magistrat, Bankkonto, Krankenversicherung, F\u00fchrerschein-Umschreibung, Vernetzung mit philippinischen Landsleuten in \u00d6sterreich.<\/p>\r\n<p class=\"font-claude-response-body break-words whitespace-normal leading-[1.7]\">Wir sind erreichbar \u2013 auch wenn es mal schwierig wird. Denn manchmal braucht man einfach jemanden, den man fragen kann.<\/p>\r\n","protected":false},"excerpt":{"rendered":"<p>Die erste Zeit in \u00d6sterreich ist entscheidend. Unsere lokalen philippinischen Mitarbeiter begleiten die neuen Pflegekr\u00e4fte aktiv bei der Eingew\u00f6hnung \u2013 damit sie schnell ankommen und langfristig in Ihrer Einrichtung bleiben. Wir helfen bei: Wohnungssuche, Anmeldung beim Magistrat, Bankkonto, Krankenversicherung, F\u00fchrerschein-Umschreibung, Vernetzung mit philippinischen Landsleuten in \u00d6sterreich. Wir sind erreichbar \u2013 auch wenn es mal schwierig &#8230; <a title=\"Integration &amp; Unterst\u00fctzung\" class=\"read-more\" href=\"https:\/\/healthcare.dibago.com\/en\/fur-arbeitgeber\/integration-unterstutzung\/\" aria-label=\"Read more about Integration &amp; Unterst\u00fctzung\">Read More<\/a><\/p>","protected":false},"author":2,"featured_media":0,"parent":41,"menu_order":0,"comment_status":"closed","ping_status":"closed","template":"","meta":{"footnotes":""},"class_list":["post-7055","page","type-page","status-publish"],"_links":{"self":[{"href":"https:\/\/healthcare.dibago.com\/en\/wp-json\/wp\/v2\/pages\/7055","targetHints":{"allow":["GET"]}}],"collection":[{"href":"https:\/\/healthcare.dibago.com\/en\/wp-json\/wp\/v2\/pages"}],"about":[{"href":"https:\/\/healthcare.dibago.com\/en\/wp-json\/wp\/v2\/types\/page"}],"author":[{"embeddable":true,"href":"https:\/\/healthcare.dibago.com\/en\/wp-json\/wp\/v2\/users\/2"}],"replies":[{"embeddable":true,"href":"https:\/\/healthcare.dibago.com\/en\/wp-json\/wp\/v2\/comments?post=7055"}],"version-history":[{"count":4,"href":"https:\/\/healthcare.dibago.com\/en\/wp-json\/wp\/v2\/pages\/7055\/revisions"}],"predecessor-version":[{"id":7256,"href":"https:\/\/healthcare.dibago.com\/en\/wp-json\/wp\/v2\/pages\/7055\/revisions\/7256"}],"up":[{"embeddable":true,"href":"https:\/\/healthcare.dibago.com\/en\/wp-json\/wp\/v2\/pages\/41"}],"wp:attachment":[{"href":"https:\/\/healthcare.dibago.com\/en\/wp-json\/wp\/v2\/media?parent=7055"}],"curies":[{"name":"wp","href":"https:\/\/api.w.org\/{rel}","templated":true}]}}