{"id":7026,"date":"2026-03-11T16:32:39","date_gmt":"2026-03-11T15:32:39","guid":{"rendered":"https:\/\/healthcare.dibago.com\/?page_id=7026"},"modified":"2026-03-30T00:22:57","modified_gmt":"2026-03-29T23:22:57","slug":"rest","status":"publish","type":"page","link":"https:\/\/healthcare.dibago.com\/en\/rest\/","title":{"rendered":"Rest"},"content":{"rendered":"<h2 class=\"wp-block-heading\">Looking for nursing staff \u2014 or want to work in Austria?<\/h2>\r\n<p><a href=\"https:\/\/healthcare.dibago.com\/en\/pflegepersonal-finden\/\">Find the right nursing staff<\/a><\/p>\r\n<p><a href=\"https:\/\/healthcare.dibago.com\/en\/in-osterreich-arbeiten\/\">Want to work in Austria? Apply here<\/a><\/p>\r\n<p>&nbsp;<\/p>\r\n<p>Internationale Personalvermittlung und -vermittlung f\u00fcr Pflegekr\u00e4fte<\/p>\r\n<p>Dibago OG bietet strukturierte, konforme und ethisch verantwortungsvolle internationale Personalvermittlungs- und Vermittlungsdienste f\u00fcr Pflegefachkr\u00e4fte f\u00fcr Gesundheitseinrichtungen in ganz Europa.<\/p>\r\n<p>Wir unterst\u00fctzen Krankenh\u00e4user, Pflegeheime und medizinische Einrichtungen bei der Bew\u00e4ltigung des Personalmangels, indem wir sie mit qualifizierten, hochmotivierten Pflegefachkr\u00e4ften aus den Philippinen zusammenbringen.<\/p>\r\n<p>Unser Ansatz ist systematisch, transparent und entspricht allen relevanten gesetzlichen und beh\u00f6rdlichen Anforderungen.<\/p>\r\n<p>Unser entscheidender Vorteil<\/p>\r\n<p>Im Gegensatz zu vielen Personalvermittlungsagenturen, die aus der Ferne arbeiten, ist Dibago OG pers\u00f6nlich vor Ort pr\u00e4sent.<\/p>\r\n<p>Wir sind physisch auf den Philippinen pr\u00e4sent und pflegen direkte, kontinuierliche Beziehungen zu:<\/p>\r\n<p>Akkreditierten Ausbildungseinrichtungen<\/p>\r\n<p>Krankenpflegeschulen und Bildungspartnern<\/p>\r\n<p>Qualifizierten Bewerbern w\u00e4hrend des gesamten Rekrutierungsprozesses<\/p>\r\n<p>Wir treffen die Kandidaten pers\u00f6nlich.<\/p>\r\n<p>Wir stehen in direktem Kontakt mit den Ausbildungszentren.<\/p>\r\n<p>Wir \u00fcberwachen die Vorbereitungsstandards genau.<\/p>\r\n<p>Dies gew\u00e4hrleistet:<\/p>\r\n<p>\u00dcberpr\u00fcfte Qualifikationen<\/p>\r\n<p>Zuverl\u00e4ssige Kommunikation<\/p>\r\n<p>Kulturelle und berufliche \u00dcbereinstimmung<\/p>\r\n<p>Langfristige Stabilit\u00e4t der Belegschaft<\/p>\r\n<p>Personalvermittlung ist keine rein digitale Transaktion. Es ist eine Verantwortung.<\/p>\r\n<p>Unsere Dienstleistungen umfassen<\/p>\r\n<p>Bedarfsanalyse der Belegschaft<\/p>\r\n<p>Kandidatensuche und Vorauswahl<\/p>\r\n<p>\u00dcberpr\u00fcfung von Qualifikationen und Zeugnissen<\/p>\r\n<p>Koordination der Sprachvorbereitung<\/p>\r\n<p>Beratung zu Visa und Dokumenten<\/p>\r\n<p>Unterst\u00fctzung bei der Integration nach der Ankunft<\/p>\r\n<p>Wir konzentrieren uns auf nachhaltige Vermittlungen statt auf kurzfristige Personall\u00f6sungen.<\/p>\r\n<p>Compliance und Ethik<\/p>\r\n<p>Alle Rekrutierungsaktivit\u00e4ten werden in \u00dcbereinstimmung mit den geltenden Arbeits-, Einwanderungs- und Gesundheitsvorschriften sowohl im Herkunfts- als auch im Zielland durchgef\u00fchrt.<\/p>\r\n<p>Wir verpflichten uns zu fairen, transparenten und ethisch verantwortungsvollen Rekrutierungspraktiken.<\/p>","protected":false},"excerpt":{"rendered":"<p>Sie suchen Pflegepersonal oder m\u00f6chten in \u00d6sterreich arbeiten? Passendes Pflegepersonal finden In \u00d6sterreich arbeiten \u2013 hier bewerben &nbsp; Internationale Personalvermittlung und -vermittlung f\u00fcr Pflegekr\u00e4fte Dibago OG bietet strukturierte, konforme und ethisch verantwortungsvolle internationale Personalvermittlungs- und Vermittlungsdienste f\u00fcr Pflegefachkr\u00e4fte f\u00fcr Gesundheitseinrichtungen in ganz Europa. Wir unterst\u00fctzen Krankenh\u00e4user, Pflegeheime und medizinische Einrichtungen bei der Bew\u00e4ltigung des Personalmangels, &#8230; <a title=\"Rest\" class=\"read-more\" href=\"https:\/\/healthcare.dibago.com\/en\/rest\/\" aria-label=\"Read more about Rest\">Read More<\/a><\/p>","protected":false},"author":2,"featured_media":0,"parent":0,"menu_order":0,"comment_status":"closed","ping_status":"closed","template":"","meta":{"footnotes":""},"class_list":["post-7026","page","type-page","status-publish"],"_links":{"self":[{"href":"https:\/\/healthcare.dibago.com\/en\/wp-json\/wp\/v2\/pages\/7026","targetHints":{"allow":["GET"]}}],"collection":[{"href":"https:\/\/healthcare.dibago.com\/en\/wp-json\/wp\/v2\/pages"}],"about":[{"href":"https:\/\/healthcare.dibago.com\/en\/wp-json\/wp\/v2\/types\/page"}],"author":[{"embeddable":true,"href":"https:\/\/healthcare.dibago.com\/en\/wp-json\/wp\/v2\/users\/2"}],"replies":[{"embeddable":true,"href":"https:\/\/healthcare.dibago.com\/en\/wp-json\/wp\/v2\/comments?post=7026"}],"version-history":[{"count":4,"href":"https:\/\/healthcare.dibago.com\/en\/wp-json\/wp\/v2\/pages\/7026\/revisions"}],"predecessor-version":[{"id":7308,"href":"https:\/\/healthcare.dibago.com\/en\/wp-json\/wp\/v2\/pages\/7026\/revisions\/7308"}],"wp:attachment":[{"href":"https:\/\/healthcare.dibago.com\/en\/wp-json\/wp\/v2\/media?parent=7026"}],"curies":[{"name":"wp","href":"https:\/\/api.w.org\/{rel}","templated":true}]}}