{"id":57,"date":"2026-03-08T00:15:36","date_gmt":"2026-03-08T00:15:36","guid":{"rendered":"https:\/\/healthcare.dibago.com\/?page_id=57"},"modified":"2026-03-08T20:53:32","modified_gmt":"2026-03-08T20:53:32","slug":"impressum","status":"publish","type":"page","link":"https:\/\/healthcare.dibago.com\/en\/impressum\/","title":{"rendered":"Impressum"},"content":{"rendered":"<h3>Dibago OG<\/h3>\n<p><a title=\"https:\/\/firmen.wko.at\/Web\/DetailsKontakt.aspx?FirmaID=71d1e0b9-ba01-478b-bc0b-92d6ab717d4f&amp;StandortID=0&amp;Suchbegriff=A.SYS&amp;Page=1\" href=\"https:\/\/firmen.wko.at\/dibago-og\/nieder%c3%b6sterreich\/?firmaid=f6df24d8-d516-43f1-85af-c10bb8e3a6cc&amp;suchbegriff=dibago\" target=\"_blank\" rel=\"noopener noreferrer\">Eintrag bei der \u00d6sterreichischen Wirtschaftskammer (WKO)<\/a><\/p>\nAdresse: A-7031 Krensdorf, Hirmer Stra\u00dfe 34<br \/>\nTelefon: +43(0)676 9343037<br \/>\ne-Mail: office@dibago.com\nBankverbindung:<br \/>\nRaiffeisen Regionalbank M\u00f6dling, BLZ 32250, Konto 4.006.466, BIC: RLNWATWWGTD,<br \/>\nIBAN AT28 3225 0000 0400 6466\n<p>FN: 398369 m<\/p>\n<p>GISA-Zahl: 13731724<\/p>\n<p>UID-Nr: ATU67989466<\/p>\n<p>EORI Nr: ATEOS1000161174<\/p>\n<p>D-U-N-S \u00ae Number: 300392178<\/p>\n<p>(c) Alle Rechte vorbehalten<\/p>","protected":false},"excerpt":{"rendered":"<p>Dibago OG Eintrag bei der \u00d6sterreichischen Wirtschaftskammer (WKO) Adresse: A-7031 Krensdorf, Hirmer Stra\u00dfe 34 Telefon: +43(0)676 9343037 e-Mail: office@dibago.com Bankverbindung: Raiffeisen Regionalbank M\u00f6dling, BLZ 32250, Konto 4.006.466, BIC: RLNWATWWGTD, IBAN AT28 3225 0000 0400 6466 FN: 398369 m GISA-Zahl: 13731724 UID-Nr: ATU67989466 EORI Nr: ATEOS1000161174 D-U-N-S \u00ae Number: 300392178 (c) Alle Rechte vorbehalten<\/p>","protected":false},"author":2,"featured_media":0,"parent":0,"menu_order":0,"comment_status":"closed","ping_status":"closed","template":"","meta":{"footnotes":""},"class_list":["post-57","page","type-page","status-publish"],"_links":{"self":[{"href":"https:\/\/healthcare.dibago.com\/en\/wp-json\/wp\/v2\/pages\/57","targetHints":{"allow":["GET"]}}],"collection":[{"href":"https:\/\/healthcare.dibago.com\/en\/wp-json\/wp\/v2\/pages"}],"about":[{"href":"https:\/\/healthcare.dibago.com\/en\/wp-json\/wp\/v2\/types\/page"}],"author":[{"embeddable":true,"href":"https:\/\/healthcare.dibago.com\/en\/wp-json\/wp\/v2\/users\/2"}],"replies":[{"embeddable":true,"href":"https:\/\/healthcare.dibago.com\/en\/wp-json\/wp\/v2\/comments?post=57"}],"version-history":[{"count":3,"href":"https:\/\/healthcare.dibago.com\/en\/wp-json\/wp\/v2\/pages\/57\/revisions"}],"predecessor-version":[{"id":76,"href":"https:\/\/healthcare.dibago.com\/en\/wp-json\/wp\/v2\/pages\/57\/revisions\/76"}],"wp:attachment":[{"href":"https:\/\/healthcare.dibago.com\/en\/wp-json\/wp\/v2\/media?parent=57"}],"curies":[{"name":"wp","href":"https:\/\/api.w.org\/{rel}","templated":true}]}}