{"id":49,"date":"2026-03-08T00:16:27","date_gmt":"2026-03-08T00:16:27","guid":{"rendered":"https:\/\/healthcare.dibago.com\/?page_id=49"},"modified":"2026-03-08T00:16:30","modified_gmt":"2026-03-08T00:16:30","slug":"unser-prozess","status":"publish","type":"page","link":"https:\/\/healthcare.dibago.com\/en\/unser-prozess\/","title":{"rendered":"Unser Prozess"},"content":{"rendered":"<h2 data-start=\"3826\" data-end=\"3845\">Unser Prozess<\/h2>\n<strong data-start=\"3847\" data-end=\"3863\">\u00dcberschrift:<\/strong><br data-start=\"3863\" data-end=\"3866\" \/>So funktioniert unsere Vermittlung\n<strong data-start=\"3902\" data-end=\"3922\">1. Bedarf kl\u00e4ren<\/strong>\nWir besprechen mit dem Arbeitgeber Anforderungen, Qualifikationen und Einsatzbereiche.\n<strong data-start=\"4012\" data-end=\"4042\">2. Kandidatinnen ausw\u00e4hlen<\/strong>\nDurch unsere Kontakte zu Ausbildungszentren k\u00f6nnen wir geeignete Pflegekr\u00e4fte gezielt ausw\u00e4hlen.\n<strong data-start=\"4142\" data-end=\"4159\">3. Interviews<\/strong>\nArbeitgeber lernen die Kandidatinnen pers\u00f6nlich oder online kennen.\n<strong data-start=\"4230\" data-end=\"4261\">4. Vorbereitung &amp; Dokumente<\/strong>\nWir begleiten Anerkennungsverfahren, Visa und organisatorische Schritte.\n<strong data-start=\"4337\" data-end=\"4365\">5. Ankunft in \u00d6sterreich<\/strong>\nWir unterst\u00fctzen den erfolgreichen Start der Pflegekr\u00e4fte in ihrer neuen Arbeitsumgebung.","protected":false},"excerpt":{"rendered":"<p>Unser Prozess \u00dcberschrift:So funktioniert unsere Vermittlung 1. Bedarf kl\u00e4ren Wir besprechen mit dem Arbeitgeber Anforderungen, Qualifikationen und Einsatzbereiche. 2. Kandidatinnen ausw\u00e4hlen Durch unsere Kontakte zu Ausbildungszentren k\u00f6nnen wir geeignete Pflegekr\u00e4fte gezielt ausw\u00e4hlen. 3. Interviews Arbeitgeber lernen die Kandidatinnen pers\u00f6nlich oder online kennen. 4. Vorbereitung &amp; Dokumente Wir begleiten Anerkennungsverfahren, Visa und organisatorische Schritte. 5. Ankunft &#8230; <a title=\"Unser Prozess\" class=\"read-more\" href=\"https:\/\/healthcare.dibago.com\/en\/unser-prozess\/\" aria-label=\"Read more about Unser Prozess\">Read More<\/a><\/p>","protected":false},"author":2,"featured_media":0,"parent":0,"menu_order":0,"comment_status":"closed","ping_status":"closed","template":"","meta":{"footnotes":""},"class_list":["post-49","page","type-page","status-publish"],"_links":{"self":[{"href":"https:\/\/healthcare.dibago.com\/en\/wp-json\/wp\/v2\/pages\/49","targetHints":{"allow":["GET"]}}],"collection":[{"href":"https:\/\/healthcare.dibago.com\/en\/wp-json\/wp\/v2\/pages"}],"about":[{"href":"https:\/\/healthcare.dibago.com\/en\/wp-json\/wp\/v2\/types\/page"}],"author":[{"embeddable":true,"href":"https:\/\/healthcare.dibago.com\/en\/wp-json\/wp\/v2\/users\/2"}],"replies":[{"embeddable":true,"href":"https:\/\/healthcare.dibago.com\/en\/wp-json\/wp\/v2\/comments?post=49"}],"version-history":[{"count":2,"href":"https:\/\/healthcare.dibago.com\/en\/wp-json\/wp\/v2\/pages\/49\/revisions"}],"predecessor-version":[{"id":52,"href":"https:\/\/healthcare.dibago.com\/en\/wp-json\/wp\/v2\/pages\/49\/revisions\/52"}],"wp:attachment":[{"href":"https:\/\/healthcare.dibago.com\/en\/wp-json\/wp\/v2\/media?parent=49"}],"curies":[{"name":"wp","href":"https:\/\/api.w.org\/{rel}","templated":true}]}}