{"id":41,"date":"2026-03-08T00:14:16","date_gmt":"2026-03-08T00:14:16","guid":{"rendered":"https:\/\/healthcare.dibago.com\/?page_id=41"},"modified":"2026-03-29T22:40:14","modified_gmt":"2026-03-29T21:40:14","slug":"fur-arbeitgeber","status":"publish","type":"page","link":"https:\/\/healthcare.dibago.com\/en\/fur-arbeitgeber\/","title":{"rendered":"For Employers"},"content":{"rendered":"<h2 data-start=\"2050\" data-end=\"2071\">Care staff for your facility<\/h2>\r\n<p>The shortage of skilled staff in the care sector poses major challenges for many care homes. International staff can offer a sustainable solution \u2013 provided that the recruitment, preparation and integration processes are managed professionally.<\/p>\r\n<p><strong data-start=\"2384\" data-end=\"2405\">Our services<\/strong><\/p>\r\n<p><strong data-start=\"2407\" data-end=\"2431\">1. Candidate selection<\/strong><\/p>\r\n<ul data-start=\"2433\" data-end=\"2583\">\r\n<li data-start=\"2433\" data-end=\"2494\">Partnership with Philippine nursing training centres<\/li>\r\n<li data-start=\"2495\" data-end=\"2538\">Shortlisting of suitable candidates<\/li>\r\n<li data-start=\"2539\" data-end=\"2583\">Assessment of education and work experience<\/li>\r\n<\/ul>\r\n<p><strong data-start=\"2585\" data-end=\"2604\">2. Preparation<\/strong><\/p>\r\n<ul data-start=\"2606\" data-end=\"2767\">\r\n<li data-start=\"2606\" data-end=\"2664\">Assistance with documents and certification procedures<\/li>\r\n<li data-start=\"2665\" data-end=\"2697\">Language preparation (German)<\/li>\r\n<li data-start=\"2698\" data-end=\"2767\">Preparing to work in the Austrian healthcare system<\/li>\r\n<\/ul>\r\n<p><strong data-start=\"2769\" data-end=\"2787\">3. Mediation<\/strong><\/p>\r\n<ul data-start=\"2789\" data-end=\"2896\">\r\n<li data-start=\"2789\" data-end=\"2828\">Introduction of suitable candidates<\/li>\r\n<li data-start=\"2829\" data-end=\"2860\">Arranging interviews<\/li>\r\n<li data-start=\"2861\" data-end=\"2896\">Assistance with employment contracts<\/li>\r\n<\/ul>\r\n<p><strong data-start=\"2898\" data-end=\"2916\">4. Integration<\/strong><\/p>\r\n<ul data-start=\"2918\" data-end=\"3034\">\r\n<li data-start=\"2918\" data-end=\"2957\">Assistance with visas and entry<\/li>\r\n<li data-start=\"2958\" data-end=\"2997\">Support during the first time in Austria<\/li>\r\n<li data-start=\"2998\" data-end=\"3034\">Help with organisational matters<\/li>\r\n<\/ul>\r\n<p><strong data-start=\"3036\" data-end=\"3064\">Benefits for employers<\/strong><\/p>\r\n<ul data-start=\"3066\" data-end=\"3175\">\r\n<li data-start=\"3066\" data-end=\"3094\">verified qualifications<\/li>\r\n<li data-start=\"3095\" data-end=\"3120\">motivated employees<\/li>\r\n<li data-start=\"3121\" data-end=\"3151\">long-term employments<\/li>\r\n<li data-start=\"3152\" data-end=\"3175\">personal support<\/li>\r\n<\/ul>","protected":false},"excerpt":{"rendered":"<p>Pflegekr\u00e4fte f\u00fcr Ihre Einrichtung Der Fachkr\u00e4ftemangel im Pflegebereich stellt viele Einrichtungen vor gro\u00dfe Herausforderungen. Internationale Fachkr\u00e4fte k\u00f6nnen eine nachhaltige L\u00f6sung darstellen &#8211; wenn Auswahl, Vorbereitung und Integration professionell begleitet werden. Unsere Leistungen 1. Kandidatenauswahl Kooperation mit philippinischen Pflege-Ausbildungszentren Vorauswahl qualifizierter Kandidatinnen Pr\u00fcfung von Ausbildung und Berufserfahrung 2. Vorbereitung Unterst\u00fctzung bei Dokumenten und Anerkennungsverfahren Sprachvorbereitung (Deutsch) &#8230; <a title=\"For Employers\" class=\"read-more\" href=\"https:\/\/healthcare.dibago.com\/en\/fur-arbeitgeber\/\" aria-label=\"Read more about F\u00fcr Arbeitgeber\">Read More<\/a><\/p>","protected":false},"author":2,"featured_media":0,"parent":0,"menu_order":0,"comment_status":"closed","ping_status":"closed","template":"","meta":{"footnotes":""},"class_list":["post-41","page","type-page","status-publish"],"_links":{"self":[{"href":"https:\/\/healthcare.dibago.com\/en\/wp-json\/wp\/v2\/pages\/41","targetHints":{"allow":["GET"]}}],"collection":[{"href":"https:\/\/healthcare.dibago.com\/en\/wp-json\/wp\/v2\/pages"}],"about":[{"href":"https:\/\/healthcare.dibago.com\/en\/wp-json\/wp\/v2\/types\/page"}],"author":[{"embeddable":true,"href":"https:\/\/healthcare.dibago.com\/en\/wp-json\/wp\/v2\/users\/2"}],"replies":[{"embeddable":true,"href":"https:\/\/healthcare.dibago.com\/en\/wp-json\/wp\/v2\/comments?post=41"}],"version-history":[{"count":11,"href":"https:\/\/healthcare.dibago.com\/en\/wp-json\/wp\/v2\/pages\/41\/revisions"}],"predecessor-version":[{"id":7282,"href":"https:\/\/healthcare.dibago.com\/en\/wp-json\/wp\/v2\/pages\/41\/revisions\/7282"}],"wp:attachment":[{"href":"https:\/\/healthcare.dibago.com\/en\/wp-json\/wp\/v2\/media?parent=41"}],"curies":[{"name":"wp","href":"https:\/\/api.w.org\/{rel}","templated":true}]}}