{"id":37,"date":"2026-03-08T00:16:21","date_gmt":"2026-03-08T00:16:21","guid":{"rendered":"https:\/\/healthcare.dibago.com\/?page_id=37"},"modified":"2026-03-29T13:44:53","modified_gmt":"2026-03-29T12:44:53","slug":"uber-uns","status":"publish","type":"page","link":"https:\/\/healthcare.dibago.com\/en\/uber-uns\/","title":{"rendered":"About us"},"content":{"rendered":"Unsere Firma hat ihre pers\u00f6nlichen Wurzeln sowohl in \u00d6sterreich, als auch auf den Philippinen. Diesen Vorteil nutzen wir. Unsere Firma hat sich auf die <strong data-start=\"1288\" data-end=\"1351\">Vermittlung qualifizierter Pflegekr\u00e4fte aus den Philippinen<\/strong> spezialisiert. Ziel ist es, den steigenden Bedarf im \u00f6sterreichischen Gesundheitswesen nachhaltig zu unterst\u00fctzen und gleichzeitig internationale Fachkr\u00e4fte bei ihrem beruflichen Neustart zu begleiten.\nEin entscheidender Vorteil unserer Arbeit ist unsere <strong data-start=\"1608\" data-end=\"1635\">direkte Pr\u00e4senz vor Ort<\/strong>. Wir arbeiten eng mit <strong data-start=\"1658\" data-end=\"1718\">Ausbildungszentren und Pflegeschulen auf den Philippinen<\/strong> zusammen und stehen in pers\u00f6nlichem Kontakt mit den Kandidatinnen.\nDadurch k\u00f6nnen wir:\n<ul data-start=\"1808\" data-end=\"1940\">\n<li data-start=\"1808\" data-end=\"1841\">\nQualifikationen besser pr\u00fcfen\n<\/li>\n<li data-start=\"1842\" data-end=\"1877\">\nKandidatinnen gezielt ausw\u00e4hlen\n<\/li>\n<li data-start=\"1878\" data-end=\"1940\">\ndie Erwartungen von Arbeitgebern und Pflegekr\u00e4ften abstimmen\n<\/li>\n<\/ul>\nWir verstehen uns nicht nur als Vermittler, sondern als <strong data-start=\"1998\" data-end=\"2042\">Br\u00fccke zwischen zwei Gesundheitssystemen<\/strong>.","protected":false},"excerpt":{"rendered":"<p>Unsere Firma hat ihre pers\u00f6nlichen Wurzeln sowohl in \u00d6sterreich, als auch auf den Philippinen. Diesen Vorteil nutzen wir. Unsere Firma hat sich auf die Vermittlung qualifizierter Pflegekr\u00e4fte aus den Philippinen spezialisiert. Ziel ist es, den steigenden Bedarf im \u00f6sterreichischen Gesundheitswesen nachhaltig zu unterst\u00fctzen und gleichzeitig internationale Fachkr\u00e4fte bei ihrem beruflichen Neustart zu begleiten. Ein entscheidender &#8230; <a title=\"About us\" class=\"read-more\" href=\"https:\/\/healthcare.dibago.com\/en\/uber-uns\/\" aria-label=\"Read more about \u00dcber uns\">Read More<\/a><\/p>","protected":false},"author":2,"featured_media":0,"parent":0,"menu_order":0,"comment_status":"closed","ping_status":"closed","template":"","meta":{"footnotes":""},"class_list":["post-37","page","type-page","status-publish"],"_links":{"self":[{"href":"https:\/\/healthcare.dibago.com\/en\/wp-json\/wp\/v2\/pages\/37","targetHints":{"allow":["GET"]}}],"collection":[{"href":"https:\/\/healthcare.dibago.com\/en\/wp-json\/wp\/v2\/pages"}],"about":[{"href":"https:\/\/healthcare.dibago.com\/en\/wp-json\/wp\/v2\/types\/page"}],"author":[{"embeddable":true,"href":"https:\/\/healthcare.dibago.com\/en\/wp-json\/wp\/v2\/users\/2"}],"replies":[{"embeddable":true,"href":"https:\/\/healthcare.dibago.com\/en\/wp-json\/wp\/v2\/comments?post=37"}],"version-history":[{"count":4,"href":"https:\/\/healthcare.dibago.com\/en\/wp-json\/wp\/v2\/pages\/37\/revisions"}],"predecessor-version":[{"id":7266,"href":"https:\/\/healthcare.dibago.com\/en\/wp-json\/wp\/v2\/pages\/37\/revisions\/7266"}],"wp:attachment":[{"href":"https:\/\/healthcare.dibago.com\/en\/wp-json\/wp\/v2\/media?parent=37"}],"curies":[{"name":"wp","href":"https:\/\/api.w.org\/{rel}","templated":true}]}}